{"id":12,"date":"2021-01-15T09:21:50","date_gmt":"2021-01-15T08:21:50","guid":{"rendered":"http:\/\/www4.ekf.tuke.sk\/nicediplom\/?page_id=12"},"modified":"2023-11-20T15:36:40","modified_gmt":"2023-11-20T14:36:40","slug":"historia","status":"publish","type":"page","link":"https:\/\/nicediplom.ekf.tuke.sk\/index.php\/historia\/","title":{"rendered":"Hist\u00f3ria"},"content":{"rendered":"\n<p>P\u00f4vodn\u00fdm z\u00e1merom programu dvoch diplomov bolo umo\u017eni\u0165 \u0161tudentom zo \nzahrani\u010dia \u0161tudova\u0165 na franc\u00fazskych univerzit\u00e1ch aj napriek tomu, \u017ee \nboli pre nich ve\u013emi vzdialen\u00e9 alebo bolo toto \u0161t\u00fadium finan\u010dne \nnedostupn\u00e9.<\/p>\n\n\n\n<p>V\u00fduka vo franc\u00fazskom jazyku na Ekonomickej fakulte Technickej \nuniverzity v Ko\u0161iciach bola spusten\u00e1 v akademickom roku 2003\/2004. Prv\u00ed \ndesiati absolventi z\u00edskali diplom DEUG v okt\u00f3bri 2004. V akademickom \nroku 2004\/2005 \u00faspe\u0161ne absolvovalo bakal\u00e1rsky stupe\u0148 \u0161t\u00fadia Licence \nsedem \u0161tudentov, ktor\u00ed si diplom prevzali v pr\u00edtomnosti franc\u00fazskeho \nve\u013evyslanca a predstavite\u013eov z Technickej univerzity v Ko\u0161iciach ako aj z\n Univerzity v Nice.<\/p>\n\n\n\n<p>Najlep\u0161\u00ed \u0161tudenti mali mo\u017enos\u0165 vycestova\u0165 na semestr\u00e1lny \u0161tudijn\u00fd  pobyt do Nice a \u0161tudova\u0165 priamo na tejto univerzite. T\u00fato mo\u017enos\u0165 od  za\u010diatku spustenia programu na EkF v roku 2003 u\u017e vyu\u017eilo mnoho  \u0161tudentov. Mnoh\u00ed z nich sa rozhodli po \u00faspe\u0161nom ukon\u010den\u00ed in\u017einierskeho  \u0161t\u00fadia na Ekf vr\u00e1ti\u0165 do Nice, \u0161tudova\u0165 \u010falej a z\u00edska\u0165 aj diplom Master  2. In\u00ed (u\u017e bakal\u00e1ri) sa rozhodli pre&nbsp; mo\u017enos\u0165 z\u00fa\u010dastni\u0165 sa pobytu  Erasmus aj druh\u00fdkr\u00e1t a zvolili si 1- semestrov\u00fd \u0161tudijn\u00fd pobyt na jednej z  franc\u00fazskych univerz\u00edt, s ktor\u00fdmi m\u00e1 EkF podp\u00edsan\u00e9 Erasmus dohody &#8211;  Versailles, Strasbourg, Lille, Le Havre.<\/p>\n\n\n\n<p>Od akademick\u00e9ho roku 2014\/2015 maj\u00fa \u0161tudenti mo\u017enos\u0165 \u0161tudova\u0165 na Univerzite v Nice dva semestre.<\/p>\n\n\n\n<p>Pre\u010d\u00edtajte si: <a href=\"https:\/\/nicediplom.ekf.tuke.sk\/index.php\/napisali-o-nas\/\">Z\u00e1\u017eitky a sk\u00fasenosti na\u0161ich absolventov<\/a><\/p>\n\n\n\n<p>Sta\u0148te sa aj vy s\u00fa\u010das\u0165ou na\u0161ej hist\u00f3rie!<\/p>\n","protected":false},"excerpt":{"rendered":"<p>P\u00f4vodn\u00fdm z\u00e1merom programu dvoch diplomov bolo umo\u017eni\u0165 \u0161tudentom zo zahrani\u010dia \u0161tudova\u0165 na franc\u00fazskych univerzit\u00e1ch aj napriek tomu, \u017ee boli pre nich ve\u013emi vzdialen\u00e9 alebo bolo&hellip;<\/p>\n","protected":false},"author":1,"featured_media":0,"parent":0,"menu_order":0,"comment_status":"closed","ping_status":"closed","template":"","meta":{"footnotes":""},"class_list":["post-12","page","type-page","status-publish","hentry","no-post-thumbnail"],"_links":{"self":[{"href":"https:\/\/nicediplom.ekf.tuke.sk\/index.php\/wp-json\/wp\/v2\/pages\/12","targetHints":{"allow":["GET"]}}],"collection":[{"href":"https:\/\/nicediplom.ekf.tuke.sk\/index.php\/wp-json\/wp\/v2\/pages"}],"about":[{"href":"https:\/\/nicediplom.ekf.tuke.sk\/index.php\/wp-json\/wp\/v2\/types\/page"}],"author":[{"embeddable":true,"href":"https:\/\/nicediplom.ekf.tuke.sk\/index.php\/wp-json\/wp\/v2\/users\/1"}],"replies":[{"embeddable":true,"href":"https:\/\/nicediplom.ekf.tuke.sk\/index.php\/wp-json\/wp\/v2\/comments?post=12"}],"version-history":[{"count":7,"href":"https:\/\/nicediplom.ekf.tuke.sk\/index.php\/wp-json\/wp\/v2\/pages\/12\/revisions"}],"predecessor-version":[{"id":369,"href":"https:\/\/nicediplom.ekf.tuke.sk\/index.php\/wp-json\/wp\/v2\/pages\/12\/revisions\/369"}],"wp:attachment":[{"href":"https:\/\/nicediplom.ekf.tuke.sk\/index.php\/wp-json\/wp\/v2\/media?parent=12"}],"curies":[{"name":"wp","href":"https:\/\/api.w.org\/{rel}","templated":true}]}}