{"id":14,"date":"2021-01-15T09:22:14","date_gmt":"2021-01-15T08:22:14","guid":{"rendered":"http:\/\/www4.ekf.tuke.sk\/nicediplom\/?page_id=14"},"modified":"2023-11-20T15:11:57","modified_gmt":"2023-11-20T14:11:57","slug":"studium-vo-francuzsku","status":"publish","type":"page","link":"https:\/\/nicediplom.ekf.tuke.sk\/index.php\/studium-vo-francuzsku\/","title":{"rendered":"\u0160t\u00fadium vo Franc\u00fazsku"},"content":{"rendered":"\n<p>\u0160tudenti maj\u00fa mo\u017enos\u0165 \u0161tudova\u0165, pr\u00edpadne absolvova\u0165 st\u00e1\u017e vo Franc\u00fazsku prostredn\u00edctvom r\u00f4znych programov, napr.:<\/p>\n\n\n\n<ul class=\"wp-block-list\">\n<li>ERASMUS+ : viac inform\u00e1ci\u00ed na str\u00e1nke <a href=\"https:\/\/ekf.tuke.sk\/wps\/portal\/ekf\/studium\/mobility\" target=\"_blank\" rel=\"noreferrer noopener\">Ekonomickej fakulty TUKE<\/a><\/li>\n\n\n\n<li>\u0161tipendi\u00e1 franc\u00fazskej vl\u00e1dy &#8211; viac inform\u00e1ci\u00ed na str\u00e1nke <a href=\"https:\/\/institutfrancais.sk\/\" target=\"_blank\" rel=\"noreferrer noopener\">Franc\u00fazskeho in\u0161tit\u00fatu<\/a> v Bratislave alebo na str\u00e1nke <a href=\"http:\/\/ambafrance-sk.org\" target=\"_blank\" rel=\"noreferrer noopener\">Franc\u00fazskej ambas\u00e1dy <\/a><\/li>\n<\/ul>\n\n\n\n<p><\/p>\n","protected":false},"excerpt":{"rendered":"<p>\u0160tudenti maj\u00fa mo\u017enos\u0165 \u0161tudova\u0165, pr\u00edpadne absolvova\u0165 st\u00e1\u017e vo Franc\u00fazsku prostredn\u00edctvom r\u00f4znych programov, napr.:<\/p>\n","protected":false},"author":1,"featured_media":0,"parent":0,"menu_order":0,"comment_status":"closed","ping_status":"closed","template":"","meta":{"footnotes":""},"class_list":["post-14","page","type-page","status-publish","hentry","no-post-thumbnail"],"_links":{"self":[{"href":"https:\/\/nicediplom.ekf.tuke.sk\/index.php\/wp-json\/wp\/v2\/pages\/14","targetHints":{"allow":["GET"]}}],"collection":[{"href":"https:\/\/nicediplom.ekf.tuke.sk\/index.php\/wp-json\/wp\/v2\/pages"}],"about":[{"href":"https:\/\/nicediplom.ekf.tuke.sk\/index.php\/wp-json\/wp\/v2\/types\/page"}],"author":[{"embeddable":true,"href":"https:\/\/nicediplom.ekf.tuke.sk\/index.php\/wp-json\/wp\/v2\/users\/1"}],"replies":[{"embeddable":true,"href":"https:\/\/nicediplom.ekf.tuke.sk\/index.php\/wp-json\/wp\/v2\/comments?post=14"}],"version-history":[{"count":8,"href":"https:\/\/nicediplom.ekf.tuke.sk\/index.php\/wp-json\/wp\/v2\/pages\/14\/revisions"}],"predecessor-version":[{"id":359,"href":"https:\/\/nicediplom.ekf.tuke.sk\/index.php\/wp-json\/wp\/v2\/pages\/14\/revisions\/359"}],"wp:attachment":[{"href":"https:\/\/nicediplom.ekf.tuke.sk\/index.php\/wp-json\/wp\/v2\/media?parent=14"}],"curies":[{"name":"wp","href":"https:\/\/api.w.org\/{rel}","templated":true}]}}