{"id":16,"date":"2021-01-15T09:22:49","date_gmt":"2021-01-15T08:22:49","guid":{"rendered":"http:\/\/www4.ekf.tuke.sk\/nicediplom\/?page_id=16"},"modified":"2025-06-10T13:15:01","modified_gmt":"2025-06-10T11:15:01","slug":"napisali-o-nas","status":"publish","type":"page","link":"https:\/\/nicediplom.ekf.tuke.sk\/index.php\/napisali-o-nas\/","title":{"rendered":"Nap\u00edsali o n\u00e1s"},"content":{"rendered":"\n<p><a href=\"https:\/\/institutfrancais.sk\/podujatie\/forum-etudiants-entreprises-universites-a-kosice\/\" target=\"_blank\" rel=\"noreferrer noopener\">Pracovn\u00fd ve\u013etrh \u0160tudenti \u2013\u00a0Podniky \u2013 Univerzity \/ Forum \u00c9tudiants \u2013\u00a0Entreprises \u2013 Universit\u00e9s \u00e0 KO\u0160ICE (marec 2025)<\/a><\/p>\n\n\n\n<p>Pre\u010d\u00edtajte si:<\/p>\n\n\n\n<p><a href=\"https:\/\/nicediplom.ekf.tuke.sk\/index.php\/2023\/11\/20\/rozhovor-2023\/\" target=\"_blank\" rel=\"noreferrer noopener\">Rozhovor s na\u0161imi absolventkami, Facebook Ekf TUKE (september 2023)<\/a><\/p>\n\n\n\n<p>\u010cl\u00e1nok o franc\u00fazskom kv\u00edze, \u010dasopis <a aria-label=\"Hal\u00f3 TU (m\u00e1j 2021) (otvor\u00ed sa v novej karte)\" href=\"http:\/\/nicediplom.ekf.tuke.sk\/wp-content\/uploads\/2022\/09\/tuke_halo_tu_maj2021_ekf1.pdf\" target=\"_blank\" rel=\"noreferrer noopener\">Hal\u00f3 TU (m\u00e1j 2021)<\/a><\/p>\n\n\n\n<p><a href=\"http:\/\/nicediplom.ekf.tuke.sk\/index.php\/2021\/01\/15\/den-medzinarodnej-mobility\/\">De\u0148 medzin\u00e1rodnej mobility na Univerzite v Nice (2019)<\/a> <\/p>\n\n\n\n<p><a href=\"http:\/\/nicediplom.ekf.tuke.sk\/index.php\/2021\/01\/15\/pozdrav-z-francuzska-2018\/\">Pozdrav z Franc\u00fazska (2018)<\/a><\/p>\n\n\n\n<p><a href=\"http:\/\/nicediplom.ekf.tuke.sk\/index.php\/2021\/01\/15\/slavnostne-odovzdavanie-francuzskych-diplomov-studentomekonomickej-fakulty-tuke\/\">Sl\u00e1vnostn\u00e9 odovzd\u00e1vanie franc\u00fazskych diplomov \u0161tudentom Ekf TUKE (2018)<\/a><\/p>\n\n\n\n<p><a href=\"http:\/\/nicediplom.ekf.tuke.sk\/index.php\/2021\/01\/15\/dvojitymi-bakalarmi-na-azurovom-pobrezi\/\">Dvojit\u00fdmi bakal\u00e1rmi na Az\u00farovom pobre\u017e\u00ed (2015)<\/a><\/p>\n\n\n\n<p><a href=\"http:\/\/nicediplom.ekf.tuke.sk\/index.php\/2021\/01\/15\/skusenosti-a-zazitky-2-nasich-absolventiek\/\">Sk\u00fasenosti a z\u00e1\u017eitky dvoch na\u0161ich absolventiek (2013)<\/a><\/p>\n\n\n\n<p><a href=\"https:\/\/nicediplom.ekf.tuke.sk\/wp-content\/uploads\/2021\/01\/HaloTU_rozhovor_F_Serris.pdf\" target=\"_blank\" rel=\"noreferrer noopener\">Rozhovor s lektorkou F. Serris (Hal\u00f3 TU, 2012)<\/a><\/p>\n\n\n\n<p><a href=\"http:\/\/nicediplom.ekf.tuke.sk\/index.php\/2021\/01\/15\/zazitky-z-francuzskeho-programu\/\">Z\u00e1\u017eitky z franc\u00fazskeho programu (2012)<\/a><\/p>\n","protected":false},"excerpt":{"rendered":"<p>Pracovn\u00fd ve\u013etrh \u0160tudenti \u2013\u00a0Podniky \u2013 Univerzity \/ Forum \u00c9tudiants \u2013\u00a0Entreprises \u2013 Universit\u00e9s \u00e0 KO\u0160ICE (marec 2025) Pre\u010d\u00edtajte si: Rozhovor s na\u0161imi absolventkami, Facebook Ekf TUKE&hellip;<\/p>\n","protected":false},"author":1,"featured_media":0,"parent":0,"menu_order":0,"comment_status":"closed","ping_status":"closed","template":"","meta":{"footnotes":""},"class_list":["post-16","page","type-page","status-publish","hentry","no-post-thumbnail"],"_links":{"self":[{"href":"https:\/\/nicediplom.ekf.tuke.sk\/index.php\/wp-json\/wp\/v2\/pages\/16","targetHints":{"allow":["GET"]}}],"collection":[{"href":"https:\/\/nicediplom.ekf.tuke.sk\/index.php\/wp-json\/wp\/v2\/pages"}],"about":[{"href":"https:\/\/nicediplom.ekf.tuke.sk\/index.php\/wp-json\/wp\/v2\/types\/page"}],"author":[{"embeddable":true,"href":"https:\/\/nicediplom.ekf.tuke.sk\/index.php\/wp-json\/wp\/v2\/users\/1"}],"replies":[{"embeddable":true,"href":"https:\/\/nicediplom.ekf.tuke.sk\/index.php\/wp-json\/wp\/v2\/comments?post=16"}],"version-history":[{"count":17,"href":"https:\/\/nicediplom.ekf.tuke.sk\/index.php\/wp-json\/wp\/v2\/pages\/16\/revisions"}],"predecessor-version":[{"id":384,"href":"https:\/\/nicediplom.ekf.tuke.sk\/index.php\/wp-json\/wp\/v2\/pages\/16\/revisions\/384"}],"wp:attachment":[{"href":"https:\/\/nicediplom.ekf.tuke.sk\/index.php\/wp-json\/wp\/v2\/media?parent=16"}],"curies":[{"name":"wp","href":"https:\/\/api.w.org\/{rel}","templated":true}]}}