{"id":18,"date":"2021-01-15T09:23:09","date_gmt":"2021-01-15T08:23:09","guid":{"rendered":"http:\/\/www4.ekf.tuke.sk\/nicediplom\/?page_id=18"},"modified":"2023-11-20T15:15:58","modified_gmt":"2023-11-20T14:15:58","slug":"na-stiahnutie","status":"publish","type":"page","link":"https:\/\/nicediplom.ekf.tuke.sk\/index.php\/na-stiahnutie\/","title":{"rendered":"Na stiahnutie"},"content":{"rendered":"\n<p>Prezent\u00e1cia \u0161tipendi\u00ed Franc\u00fazskej vl\u00e1dy (13.11.2019) &#8211; <a href=\"https:\/\/nicediplom.ekf.tuke.sk\/wp-content\/uploads\/2023\/11\/2019-Presentation-CAMPUS-FRANCE_SK.pdf\" target=\"_blank\" rel=\"noreferrer noopener\">Stiahnu\u0165 <\/a><\/p>\n\n\n\n<hr class=\"wp-block-separator has-css-opacity is-style-wide\"\/>\n\n\n\n<p>Predn\u00e1\u0161ka L. Dalmasa (Universit\u00e9 de Versailles), prezent\u00e1cia:&nbsp;<a href=\"https:\/\/nicediplom.ekf.tuke.sk\/wp-content\/uploads\/2021\/01\/economie_francaise_en_quelques_chiffres.pdf\" target=\"_blank\" rel=\"noreferrer noopener\">L\u2019\u00e9conomie fran\u00e7aise en quelques chiffres<\/a><\/p>\n\n\n\n<p>\u010eal\u0161ie materi\u00e1ly k predn\u00e1\u0161ke na stiahnutie:<\/p>\n\n\n\n<ul class=\"wp-block-list\">\n<li><a href=\"https:\/\/nicediplom.ekf.tuke.sk\/wp-content\/uploads\/2021\/01\/indicateurs_conjoncturels_banque_de_france.pdf\" target=\"_blank\" rel=\"noreferrer noopener\">L\u2019indicateurs conjoncturels (Banque de France) <\/a><\/li>\n\n\n\n<li><a href=\"https:\/\/nicediplom.ekf.tuke.sk\/wp-content\/uploads\/2021\/01\/informations_rapides_insee.pdf\" target=\"_blank\" rel=\"noreferrer noopener\">Informations rapides (INSEE)<\/a><\/li>\n\n\n\n<li>Article: <a href=\"https:\/\/nicediplom.ekf.tuke.sk\/wp-content\/uploads\/2021\/01\/les_echanges_commerciaux_francais.pdf\" target=\"_blank\" rel=\"noreferrer noopener\">Les \u00e9changes commerciaux fran\u00e7ais n\u2019ont jamais \u00e9t\u00e9 aussi d\u00e9s\u00e9quilibr\u00e9s<\/a><\/li>\n\n\n\n<li>Article: <a href=\"https:\/\/nicediplom.ekf.tuke.sk\/wp-content\/uploads\/2021\/01\/eco_francaise_a_detruit_des_emplois_fin_2011.pdf\" target=\"_blank\" rel=\"noreferrer noopener\">L\u2019\u00e9conomie fran\u00e7aise a d\u00e9truit des emplois fin 2011<\/a><\/li>\n<\/ul>\n","protected":false},"excerpt":{"rendered":"<p>Prezent\u00e1cia \u0161tipendi\u00ed Franc\u00fazskej vl\u00e1dy (13.11.2019) &#8211; Stiahnu\u0165 Predn\u00e1\u0161ka L. Dalmasa (Universit\u00e9 de Versailles), prezent\u00e1cia:&nbsp;L\u2019\u00e9conomie fran\u00e7aise en quelques chiffres \u010eal\u0161ie materi\u00e1ly k predn\u00e1\u0161ke na stiahnutie:<\/p>\n","protected":false},"author":1,"featured_media":0,"parent":0,"menu_order":0,"comment_status":"closed","ping_status":"closed","template":"","meta":{"footnotes":""},"class_list":["post-18","page","type-page","status-publish","hentry","no-post-thumbnail"],"_links":{"self":[{"href":"https:\/\/nicediplom.ekf.tuke.sk\/index.php\/wp-json\/wp\/v2\/pages\/18","targetHints":{"allow":["GET"]}}],"collection":[{"href":"https:\/\/nicediplom.ekf.tuke.sk\/index.php\/wp-json\/wp\/v2\/pages"}],"about":[{"href":"https:\/\/nicediplom.ekf.tuke.sk\/index.php\/wp-json\/wp\/v2\/types\/page"}],"author":[{"embeddable":true,"href":"https:\/\/nicediplom.ekf.tuke.sk\/index.php\/wp-json\/wp\/v2\/users\/1"}],"replies":[{"embeddable":true,"href":"https:\/\/nicediplom.ekf.tuke.sk\/index.php\/wp-json\/wp\/v2\/comments?post=18"}],"version-history":[{"count":13,"href":"https:\/\/nicediplom.ekf.tuke.sk\/index.php\/wp-json\/wp\/v2\/pages\/18\/revisions"}],"predecessor-version":[{"id":362,"href":"https:\/\/nicediplom.ekf.tuke.sk\/index.php\/wp-json\/wp\/v2\/pages\/18\/revisions\/362"}],"wp:attachment":[{"href":"https:\/\/nicediplom.ekf.tuke.sk\/index.php\/wp-json\/wp\/v2\/media?parent=18"}],"curies":[{"name":"wp","href":"https:\/\/api.w.org\/{rel}","templated":true}]}}