{"id":22,"date":"2021-01-15T09:24:00","date_gmt":"2021-01-15T08:24:00","guid":{"rendered":"http:\/\/www4.ekf.tuke.sk\/nicediplom\/?page_id=22"},"modified":"2022-07-18T10:23:20","modified_gmt":"2022-07-18T08:23:20","slug":"predmety","status":"publish","type":"page","link":"https:\/\/nicediplom.ekf.tuke.sk\/index.php\/predmety\/","title":{"rendered":"Predmety"},"content":{"rendered":"\n<p><strong>PONUKA VOLITE\u013dN\u00ddCH PREDMETOV VO FRANC\u00daZSKOM JAZYKU<\/strong><br>(pod\u013ea aktu\u00e1lnej ponuky pre dan\u00fd akademick\u00fd rok a z\u00e1ujmu \u0161tudentov)<\/p>\n\n\n\n<p>\n\u0160tudenti maj\u00fa k dispoz\u00edcii \u0161tudijn\u00e9 materi\u00e1ly v elektronickej podobe,  \nodborn\u00e9 knihy a u\u010debnice vo franc\u00faz\u0161tine od renomovan\u00fdch zahrani\u010dn\u00fdch  \nekon\u00f3mov. V\u00fdu\u010dbu ved\u00fa slovensk\u00ed vyu\u010duj\u00faci hovoriaci po franc\u00fazsky. \n\n<\/p>\n\n\n\n<hr class=\"wp-block-separator is-style-wide\"\/>\n\n\n\n<p><strong>BAKAL\u00c1RSKY STUPE\u0147<\/strong><\/p>\n\n\n\n<hr class=\"wp-block-separator is-style-wide\"\/>\n\n\n\n<p><strong>1. ro\u010dn\u00edk (L1)<\/strong><br> \u25ba <em>intenz\u00edvny jazykov\u00fd kurz<\/em> &#8211; Elisabeth Justet   <\/p>\n\n\n\n<p><strong>2. ro\u010dn\u00edk (L2)<\/strong><br> \u25ba <em>udr\u017eiavac\u00ed jazykov\u00fd kurz <\/em>&#8211;  Elisabeth Justet<br> \u25ba <em>analyse macro\u00e9conomique approfondie<\/em> &#8211; Veronika \u0160ul\u00edkov\u00e1<br> \u25ba <em>analyse micro\u00e9conomique approfondie<\/em> &#8211; \u013dudmila Bart\u00f3kov\u00e1  <\/p>\n\n\n\n<p><strong>3. ro\u010dn\u00edk (L3)<\/strong><br> \u25ba ro\u010dn\u00fd \u0161tudijn\u00fd pobyt na Univerzite C\u00f4te d\u2019Azur v Nice v r\u00e1mci programu Erasmus <\/p>\n\n\n\n<hr class=\"wp-block-separator is-style-wide\"\/>\n\n\n\n<p> <strong>IN\u017dINIERSKY<\/strong> <strong>STUPE\u0147<\/strong><\/p>\n\n\n\n<hr class=\"wp-block-separator is-style-wide\"\/>\n\n\n\n<div class=\"wp-block-columns has-2-columns is-layout-flex wp-container-core-columns-is-layout-9d6595d7 wp-block-columns-is-layout-flex\">\n<div class=\"wp-block-column is-layout-flow wp-block-column-is-layout-flow\">\n<p><strong>1. ro\u010dn\u00edk (M1)<\/strong><br><strong><em>(volite\u013ene pod\u013ea z\u00e1ujmu)<\/em><\/strong><br> \u25ba <em>croissance et  syst\u00e8mes dynamiques <\/em> &#8211; Veronika \u0160ul\u00edkov\u00e1 <\/p>\n<\/div>\n\n\n\n<div class=\"wp-block-column is-layout-flow wp-block-column-is-layout-flow\"><\/div>\n<\/div>\n\n\n\n<hr class=\"wp-block-separator is-style-wide\"\/>\n","protected":false},"excerpt":{"rendered":"<p>PONUKA VOLITE\u013dN\u00ddCH PREDMETOV VO FRANC\u00daZSKOM JAZYKU(pod\u013ea aktu\u00e1lnej ponuky pre dan\u00fd akademick\u00fd rok a z\u00e1ujmu \u0161tudentov) \u0160tudenti maj\u00fa k dispoz\u00edcii \u0161tudijn\u00e9 materi\u00e1ly v elektronickej podobe, odborn\u00e9&hellip;<\/p>\n","protected":false},"author":1,"featured_media":0,"parent":0,"menu_order":0,"comment_status":"closed","ping_status":"closed","template":"","meta":{"footnotes":""},"class_list":["post-22","page","type-page","status-publish","hentry","no-post-thumbnail"],"_links":{"self":[{"href":"https:\/\/nicediplom.ekf.tuke.sk\/index.php\/wp-json\/wp\/v2\/pages\/22","targetHints":{"allow":["GET"]}}],"collection":[{"href":"https:\/\/nicediplom.ekf.tuke.sk\/index.php\/wp-json\/wp\/v2\/pages"}],"about":[{"href":"https:\/\/nicediplom.ekf.tuke.sk\/index.php\/wp-json\/wp\/v2\/types\/page"}],"author":[{"embeddable":true,"href":"https:\/\/nicediplom.ekf.tuke.sk\/index.php\/wp-json\/wp\/v2\/users\/1"}],"replies":[{"embeddable":true,"href":"https:\/\/nicediplom.ekf.tuke.sk\/index.php\/wp-json\/wp\/v2\/comments?post=22"}],"version-history":[{"count":14,"href":"https:\/\/nicediplom.ekf.tuke.sk\/index.php\/wp-json\/wp\/v2\/pages\/22\/revisions"}],"predecessor-version":[{"id":341,"href":"https:\/\/nicediplom.ekf.tuke.sk\/index.php\/wp-json\/wp\/v2\/pages\/22\/revisions\/341"}],"wp:attachment":[{"href":"https:\/\/nicediplom.ekf.tuke.sk\/index.php\/wp-json\/wp\/v2\/media?parent=22"}],"curies":[{"name":"wp","href":"https:\/\/api.w.org\/{rel}","templated":true}]}}