{"id":24,"date":"2021-01-15T09:24:20","date_gmt":"2021-01-15T08:24:20","guid":{"rendered":"http:\/\/www4.ekf.tuke.sk\/nicediplom\/?page_id=24"},"modified":"2021-07-02T10:38:05","modified_gmt":"2021-07-02T08:38:05","slug":"kontakt","status":"publish","type":"page","link":"https:\/\/nicediplom.ekf.tuke.sk\/index.php\/kontakt\/","title":{"rendered":"Kontakt"},"content":{"rendered":"\n<p><strong>Ekonomick\u00e1 fakulta<br>Technick\u00e1 univerzita v Ko\u0161iciach<br>Nemcovej 32<br>040 01  Ko\u0161ice<\/strong><\/p>\n\n\n\n<hr class=\"wp-block-separator is-style-wide\"\/>\n\n\n\n<p><\/p>\n\n\n\n<div class=\"wp-block-columns has-3-columns is-layout-flex wp-container-core-columns-is-layout-9d6595d7 wp-block-columns-is-layout-flex\">\n<div class=\"wp-block-column is-layout-flow wp-block-column-is-layout-flow\">\n<p>Ing. \u013dudmila Bart\u00f3kov\u00e1, PhD.<br><a href=\"mailto:ludmila.bartokova@tuke.sk\">ludmila.bartokova@tuke.sk<\/a><br>tel. 055 \/ 602 22 13<\/p>\n<\/div>\n\n\n\n<div class=\"wp-block-column is-layout-flow wp-block-column-is-layout-flow\">\n<p>doc. Ing. J\u00falia \u010eur\u010dov\u00e1, PhD.<br><a href=\"mailto:julia.durcova@tuke.sk\">julia.durcova@tuke.sk<\/a><br>tel. 055 \/ 602 33 05<\/p>\n<\/div>\n\n\n\n<div class=\"wp-block-column is-layout-flow wp-block-column-is-layout-flow\">\n<p>doc. Ing. Marianna Sini\u010d\u00e1kov\u00e1, PhD.<br><a href=\"mailto:marianna.sinicakova@tuke.sk\">marianna.sinicakova@tuke.sk<\/a><br>tel. 055 \/ 602 21 41<\/p>\n<\/div>\n<\/div>\n\n\n\n<div class=\"wp-block-columns has-3-columns is-layout-flex wp-container-core-columns-is-layout-9d6595d7 wp-block-columns-is-layout-flex\">\n<div class=\"wp-block-column is-layout-flow wp-block-column-is-layout-flow\">\n<p>Ing. Veronika \u0160ul\u00edkov\u00e1, PhD.<br> veronika.sulikova@tuke.sk<br> tel. 055 \/ 602 33 04 <\/p>\n<\/div>\n\n\n\n<div class=\"wp-block-column is-layout-flow wp-block-column-is-layout-flow\"><\/div>\n\n\n\n<div class=\"wp-block-column is-layout-flow wp-block-column-is-layout-flow\"><\/div>\n<\/div>\n","protected":false},"excerpt":{"rendered":"<p>Ekonomick\u00e1 fakultaTechnick\u00e1 univerzita v Ko\u0161iciachNemcovej 32040 01 Ko\u0161ice Ing. \u013dudmila Bart\u00f3kov\u00e1, PhD.ludmila.bartokova@tuke.sktel. 055 \/ 602 22 13 doc. Ing. J\u00falia \u010eur\u010dov\u00e1, PhD.julia.durcova@tuke.sktel. 055 \/ 602&hellip;<\/p>\n","protected":false},"author":1,"featured_media":0,"parent":0,"menu_order":0,"comment_status":"closed","ping_status":"closed","template":"","meta":{"footnotes":""},"class_list":["post-24","page","type-page","status-publish","hentry","no-post-thumbnail"],"_links":{"self":[{"href":"https:\/\/nicediplom.ekf.tuke.sk\/index.php\/wp-json\/wp\/v2\/pages\/24","targetHints":{"allow":["GET"]}}],"collection":[{"href":"https:\/\/nicediplom.ekf.tuke.sk\/index.php\/wp-json\/wp\/v2\/pages"}],"about":[{"href":"https:\/\/nicediplom.ekf.tuke.sk\/index.php\/wp-json\/wp\/v2\/types\/page"}],"author":[{"embeddable":true,"href":"https:\/\/nicediplom.ekf.tuke.sk\/index.php\/wp-json\/wp\/v2\/users\/1"}],"replies":[{"embeddable":true,"href":"https:\/\/nicediplom.ekf.tuke.sk\/index.php\/wp-json\/wp\/v2\/comments?post=24"}],"version-history":[{"count":10,"href":"https:\/\/nicediplom.ekf.tuke.sk\/index.php\/wp-json\/wp\/v2\/pages\/24\/revisions"}],"predecessor-version":[{"id":304,"href":"https:\/\/nicediplom.ekf.tuke.sk\/index.php\/wp-json\/wp\/v2\/pages\/24\/revisions\/304"}],"wp:attachment":[{"href":"https:\/\/nicediplom.ekf.tuke.sk\/index.php\/wp-json\/wp\/v2\/media?parent=24"}],"curies":[{"name":"wp","href":"https:\/\/api.w.org\/{rel}","templated":true}]}}