{"id":243,"date":"2021-03-11T11:59:04","date_gmt":"2021-03-11T10:59:04","guid":{"rendered":"http:\/\/www.nicediplom.ekf.tuke.sk\/?page_id=243"},"modified":"2021-03-15T11:16:19","modified_gmt":"2021-03-15T10:16:19","slug":"audio-portrety","status":"publish","type":"page","link":"https:\/\/nicediplom.ekf.tuke.sk\/index.php\/audio-portrety\/","title":{"rendered":"Audio portr\u00e9ty"},"content":{"rendered":"\n<p> Quelles femmes fran\u00e7aises ou francophones sont connues  des \u00e9tudiants slovaques&nbsp;? A l&#8217;occasion du Mois de la Francophonie et en  lien avec son th\u00e8me &#8222;Portraits de femmes&#8220;, les \u00e9tudiants de cinq  universit\u00e9s slovaques dont ceux du programme francophone \u00e0 TUKE ont  particip\u00e9 \u00e0 la cr\u00e9ation d&#8217;une &#8222;exposition audio&#8220;. Pendant leurs cours de  fran\u00e7ais, ils ont fait des recherches, r\u00e9dig\u00e9 et enregistr\u00e9 une s\u00e9rie  de portraits dont voici quelques-uns. <br><\/p>\n\n\n\n<figure class=\"wp-block-image\"><img loading=\"lazy\" decoding=\"async\" width=\"1024\" height=\"439\" src=\"http:\/\/nicediplom.ekf.tuke.sk\/wp-content\/uploads\/2021\/03\/portraitstuke-1024x439.jpg\" alt=\"\" class=\"wp-image-254\" srcset=\"https:\/\/nicediplom.ekf.tuke.sk\/wp-content\/uploads\/2021\/03\/portraitstuke-1024x439.jpg 1024w, https:\/\/nicediplom.ekf.tuke.sk\/wp-content\/uploads\/2021\/03\/portraitstuke-300x129.jpg 300w, https:\/\/nicediplom.ekf.tuke.sk\/wp-content\/uploads\/2021\/03\/portraitstuke-768x329.jpg 768w\" sizes=\"auto, (max-width: 1024px) 100vw, 1024px\" \/><\/figure>\n\n\n\n<hr class=\"wp-block-separator is-style-wide\"\/>\n\n\n\n<div class=\"wp-block-columns has-2-columns is-layout-flex wp-container-core-columns-is-layout-9d6595d7 wp-block-columns-is-layout-flex\">\n<div class=\"wp-block-column is-layout-flow wp-block-column-is-layout-flow\">\n<p><br><br><br><br><strong>Sophie Germain<\/strong> &#8211;  &#8222;Son succ\u00e8s n&#8217;a \u00e9t\u00e9 connu qu&#8217;au 20<sup>e<\/sup> si\u00e8cle. Pour pouvoir se consacrer aux math\u00e9matiques, elle a utilis\u00e9 le nom d&#8217;Antoine Auguste Leblanc.&#8220; <\/p>\n<\/div>\n\n\n\n<div class=\"wp-block-column is-layout-flow wp-block-column-is-layout-flow\">\n<figure class=\"wp-block-video\"><video controls src=\"http:\/\/nicediplom.ekf.tuke.sk\/wp-content\/uploads\/2021\/03\/Laura-K-Sophie-Germain.mp4\"><\/video><figcaption>  Portrait de Sophie Germain par Laura  <\/figcaption><\/figure>\n<\/div>\n<\/div>\n\n\n\n<hr class=\"wp-block-separator is-style-wide\"\/>\n\n\n\n<div class=\"wp-block-columns has-2-columns is-layout-flex wp-container-core-columns-is-layout-9d6595d7 wp-block-columns-is-layout-flex\">\n<div class=\"wp-block-column is-layout-flow wp-block-column-is-layout-flow\">\n<p><br><br><br><br><strong>Suzanne No\u00ebl<\/strong> &#8211;   &#8222;C&#8217;est la Premi\u00e8re Guerre mondiale qui a fait d&#8217;elle une h\u00e9ro\u00efne. Dans   l&#8217;h\u00f4pital militaire du Val-de-Gr\u00e2ce, elle a sauv\u00e9 les visages d\u00e9truits   de beaucoup de soldats.&#8220; <\/p>\n<\/div>\n\n\n\n<div class=\"wp-block-column is-layout-flow wp-block-column-is-layout-flow\">\n<figure class=\"wp-block-video\"><video controls src=\"http:\/\/nicediplom.ekf.tuke.sk\/wp-content\/uploads\/2021\/03\/Viktoria-V-Suzanne-No\u00ebl-1.mp4\"><\/video><figcaption> Portrait de Suzanne No\u00ebl par Viktoria <\/figcaption><\/figure>\n<\/div>\n<\/div>\n\n\n\n<hr class=\"wp-block-separator is-style-wide\"\/>\n\n\n\n<div class=\"wp-block-columns has-2-columns is-layout-flex wp-container-core-columns-is-layout-9d6595d7 wp-block-columns-is-layout-flex\">\n<div class=\"wp-block-column is-layout-flow wp-block-column-is-layout-flow\">\n<p><br><br><br><br><strong>Marie Curie<\/strong> &#8211;   &#8222;Je pense qu&#8217;il n&#8217;\u00e9tait pas courant pour une femme d&#8217;\u00e9tudier les   sciences \u00e0 cette \u00e9poque. Je l&#8217;ai choisi parce qu&#8217;elle a \u00e9t\u00e9 la premi\u00e8re   femme \u00e0 remporter le prix Nobel et je pense que c&#8217;est g\u00e9nial qu&#8217;elle  ait  remport\u00e9 deux prix Nobel.&#8220;  <\/p>\n<\/div>\n\n\n\n<div class=\"wp-block-column is-layout-flow wp-block-column-is-layout-flow\">\n<figure class=\"wp-block-video\"><video controls src=\"http:\/\/nicediplom.ekf.tuke.sk\/wp-content\/uploads\/2021\/03\/Kristina-S-Marie-Curie.mp4\"><\/video><figcaption>  Portrait de Marie Curie par Kristina  <\/figcaption><\/figure>\n<\/div>\n<\/div>\n\n\n\n<hr class=\"wp-block-separator is-style-wide\"\/>\n\n\n\n<div class=\"wp-block-columns has-2-columns is-layout-flex wp-container-core-columns-is-layout-9d6595d7 wp-block-columns-is-layout-flex\">\n<div class=\"wp-block-column is-layout-flow wp-block-column-is-layout-flow\">\n<p><br><br><br><br><strong>Brigitte Bardot<\/strong> &#8211;   &#8222;Le th\u00e8me pour le Mois de la Francophonie,  &#8222;Portraits de femmes&#8220;, m&#8217;a  int\u00e9ress\u00e9 parce que je trouve qu&#8217;il y a plein  de femmes fran\u00e7aises qui  ont montr\u00e9 de grandes choses pendant leur  vie.&#8220;  <\/p>\n<\/div>\n\n\n\n<div class=\"wp-block-column is-layout-flow wp-block-column-is-layout-flow\">\n<figure class=\"wp-block-video\"><video controls src=\"http:\/\/nicediplom.ekf.tuke.sk\/wp-content\/uploads\/2021\/03\/Dana-R-Brigitte-Bardot.mp4\"><\/video><figcaption> Portrait de Brigitte Bardon par Dana <\/figcaption><\/figure>\n<\/div>\n<\/div>\n\n\n\n<hr class=\"wp-block-separator is-style-wide\"\/>\n\n\n\n<p><strong>Le programme du mois de la Francophonie : <\/strong><br>&#8211; version francaise  <a rel=\"noreferrer noopener\" href=\"https:\/\/institutfrancais.sk\/fr\/mois-de-la-francophonie-2021\/\" target=\"_blank\">https:\/\/institutfrancais.sk\/fr\/mois-de-la-francophonie-2021\/<\/a>   <br>&#8211; version slovaque  <a rel=\"noreferrer noopener\" href=\"https:\/\/institutfrancais.sk\/mesiac-frankofonie-2021\/\" target=\"_blank\">https:\/\/institutfrancais.sk\/mesiac-frankofonie-2021\/<\/a> <br><\/p>\n","protected":false},"excerpt":{"rendered":"<p>Quelles femmes fran\u00e7aises ou francophones sont connues des \u00e9tudiants slovaques&nbsp;? A l&#8217;occasion du Mois de la Francophonie et en lien avec son th\u00e8me &#8222;Portraits de&hellip;<\/p>\n","protected":false},"author":1,"featured_media":0,"parent":0,"menu_order":0,"comment_status":"closed","ping_status":"closed","template":"","meta":{"footnotes":""},"class_list":["post-243","page","type-page","status-publish","hentry","no-post-thumbnail"],"_links":{"self":[{"href":"https:\/\/nicediplom.ekf.tuke.sk\/index.php\/wp-json\/wp\/v2\/pages\/243","targetHints":{"allow":["GET"]}}],"collection":[{"href":"https:\/\/nicediplom.ekf.tuke.sk\/index.php\/wp-json\/wp\/v2\/pages"}],"about":[{"href":"https:\/\/nicediplom.ekf.tuke.sk\/index.php\/wp-json\/wp\/v2\/types\/page"}],"author":[{"embeddable":true,"href":"https:\/\/nicediplom.ekf.tuke.sk\/index.php\/wp-json\/wp\/v2\/users\/1"}],"replies":[{"embeddable":true,"href":"https:\/\/nicediplom.ekf.tuke.sk\/index.php\/wp-json\/wp\/v2\/comments?post=243"}],"version-history":[{"count":23,"href":"https:\/\/nicediplom.ekf.tuke.sk\/index.php\/wp-json\/wp\/v2\/pages\/243\/revisions"}],"predecessor-version":[{"id":291,"href":"https:\/\/nicediplom.ekf.tuke.sk\/index.php\/wp-json\/wp\/v2\/pages\/243\/revisions\/291"}],"wp:attachment":[{"href":"https:\/\/nicediplom.ekf.tuke.sk\/index.php\/wp-json\/wp\/v2\/media?parent=243"}],"curies":[{"name":"wp","href":"https:\/\/api.w.org\/{rel}","templated":true}]}}