{"id":33,"date":"2021-01-15T09:27:51","date_gmt":"2021-01-15T08:27:51","guid":{"rendered":"http:\/\/www4.ekf.tuke.sk\/nicediplom\/?page_id=33"},"modified":"2021-02-01T13:52:18","modified_gmt":"2021-02-01T12:52:18","slug":"rozne","status":"publish","type":"page","link":"https:\/\/nicediplom.ekf.tuke.sk\/index.php\/rozne\/","title":{"rendered":"R\u00f4zne"},"content":{"rendered":"\n<div class=\"wp-block-columns has-3-columns is-layout-flex wp-container-core-columns-is-layout-9d6595d7 wp-block-columns-is-layout-flex\">\n<div class=\"wp-block-column is-layout-flow wp-block-column-is-layout-flow\">\n<div class=\"wp-block-button is-style-outline is-style-outline--1\"><a class=\"wp-block-button__link\" href=\"http:\/\/nicediplom.ekf.tuke.sk\/index.php\/napisali-o-nas\/\">nap\u00edsali o n\u00e1s<\/a><\/div>\n<\/div>\n\n\n\n<div class=\"wp-block-column is-layout-flow wp-block-column-is-layout-flow\">\n<div class=\"wp-block-button is-style-outline is-style-outline--2\"><a class=\"wp-block-button__link\" href=\"http:\/\/nicediplom.ekf.tuke.sk\/index.php\/na-stiahnutie\/\">na stiahnutie<\/a><\/div>\n<\/div>\n\n\n\n<div class=\"wp-block-column is-layout-flow wp-block-column-is-layout-flow\">\n<div class=\"wp-block-button is-style-outline is-style-outline--3\"><a class=\"wp-block-button__link\" href=\"http:\/\/nicediplom.ekf.tuke.sk\/index.php\/uzitocne-linky\/\">u\u017eito\u010dn\u00e9 linky<\/a><\/div>\n<\/div>\n<\/div>\n\n\n\n<p><\/p>\n","protected":false},"excerpt":{"rendered":"","protected":false},"author":1,"featured_media":0,"parent":0,"menu_order":0,"comment_status":"closed","ping_status":"closed","template":"","meta":{"footnotes":""},"class_list":["post-33","page","type-page","status-publish","hentry","no-post-thumbnail"],"_links":{"self":[{"href":"https:\/\/nicediplom.ekf.tuke.sk\/index.php\/wp-json\/wp\/v2\/pages\/33","targetHints":{"allow":["GET"]}}],"collection":[{"href":"https:\/\/nicediplom.ekf.tuke.sk\/index.php\/wp-json\/wp\/v2\/pages"}],"about":[{"href":"https:\/\/nicediplom.ekf.tuke.sk\/index.php\/wp-json\/wp\/v2\/types\/page"}],"author":[{"embeddable":true,"href":"https:\/\/nicediplom.ekf.tuke.sk\/index.php\/wp-json\/wp\/v2\/users\/1"}],"replies":[{"embeddable":true,"href":"https:\/\/nicediplom.ekf.tuke.sk\/index.php\/wp-json\/wp\/v2\/comments?post=33"}],"version-history":[{"count":11,"href":"https:\/\/nicediplom.ekf.tuke.sk\/index.php\/wp-json\/wp\/v2\/pages\/33\/revisions"}],"predecessor-version":[{"id":238,"href":"https:\/\/nicediplom.ekf.tuke.sk\/index.php\/wp-json\/wp\/v2\/pages\/33\/revisions\/238"}],"wp:attachment":[{"href":"https:\/\/nicediplom.ekf.tuke.sk\/index.php\/wp-json\/wp\/v2\/media?parent=33"}],"curies":[{"name":"wp","href":"https:\/\/api.w.org\/{rel}","templated":true}]}}