{"id":5,"date":"2021-01-15T09:19:06","date_gmt":"2021-01-15T08:19:06","guid":{"rendered":"http:\/\/www4.ekf.tuke.sk\/nicediplom\/?page_id=5"},"modified":"2021-07-02T10:23:39","modified_gmt":"2021-07-02T08:23:39","slug":"ako-program-funguje","status":"publish","type":"page","link":"https:\/\/nicediplom.ekf.tuke.sk\/index.php\/ako-program-funguje\/","title":{"rendered":"Ako program funguje"},"content":{"rendered":"\n<p><strong>Priebeh programu dvoch diplomov:<\/strong><\/p>\n\n\n\n<p style=\"text-align:left\"><strong>1. ro\u010dn\u00edk (L1) &#8211; Intenz\u00edvny jazykov\u00fd kurz<\/strong><br>Pre \u0161tudentov prv\u00e9ho ro\u010dn\u00edka je pripraven\u00fd intenz\u00edvny jazykov\u00fd kurz  franc\u00fazskeho jazyka v rozsahu 7 hod\u00edn t\u00fd\u017edenne s franc\u00fazskym lektorom.  Jazykov\u00fd kurz je s\u00fa\u010das\u0165ou v\u00fdu\u010dby a je zakomponovan\u00fd do rozvrhu prv\u00e9ho  ro\u010dn\u00edka.  \u0160tudenti maj\u00fa re\u00e1lnu \u0161ancu sa za jeden \u0161kolsk\u00fd rok nau\u010di\u0165  franc\u00fazsky jazyk dostato\u010dne dobre na to, aby dok\u00e1zali \u0161t\u00fadium v tomto  jazyku \u00faspe\u0161ne zvl\u00e1dnu\u0165. \u0160tudentom ovl\u00e1daj\u00facim franc\u00fazsky jazyk je tento  kurz upraven\u00fd pod\u013ea ich potrieb. <\/p>\n\n\n\n<p> <strong>2. ro\u010dn\u00edk (L2) \u2013 jazykov\u00fd kurz + predmety vo franc\u00fazskom jazyku <\/strong><br>V druhom ro\u010dn\u00edku u\u017e \u0161tudenti absolvuj\u00fa volite\u013en\u00e9 ekonomick\u00e9 predmety  vo  franc\u00fazskom jazyku (pod\u013ea aktu\u00e1lnej ponuky \u2013   z\u00e1klady mikroekon\u00f3mie,\u00a0 z\u00e1klady makroekon\u00f3mie. Tieto predmety si   \u0161tudenti volia v r\u00e1mci povinn\u00fdch volite\u013en\u00fdch predmetov a z\u00edskavaj\u00fa za  nich kredity aj v r\u00e1mci slovensk\u00e9ho \u0161t\u00fadia na EKF.  <br>Po\u010das druh\u00e9ho ro\u010dn\u00edka maj\u00fa \u0161tudenti mo\u017enos\u0165 absolvova\u0165 jazykov\u00fd kurz v   rozsahu 4 hodiny t\u00fd\u017edenne. Po\u010das tohto kurzu sa pripravuj\u00fa na  medzin\u00e1rodn\u00fa jazykov\u00fa sk\u00fa\u0161ku DELF, DALF, ktor\u00e1 je organizovan\u00e1 v   spolupr\u00e1ci s Franc\u00fazskou alianciou v Ko\u0161iciach. <\/p>\n\n\n\n<p> <strong>3. ro\u010dn\u00edk (L3) \u2013 \u0161tudijn\u00fd pobyt Erasmus v Nice <\/strong><br>V tre\u0165om ro\u010dn\u00edku \u0161tudenti absolvuj\u00fa ro\u010dn\u00fd \u0161tudijn\u00fd pobyt na Univerzite C\u00f4te d\u2019Azur v  Nice (ISEM) v r\u00e1mci programu Erasmus +. Po jeho \u00faspe\u0161nom absolvovan\u00ed  z\u00edskaj\u00fa bakal\u00e1rsky diplom Licence. <\/p>\n\n\n\n<p> <strong>1. ro\u010dn\u00edk, Ing. (M1) <\/strong><br>\u0160tudenti maj\u00fa mo\u017enos\u0165 pokra\u010dova\u0165 vybra\u0165  si volite\u013en\u00e9 predmety vo FJ pod\u013ea aktu\u00e1lnej ponuky, pr\u00edpadne absolvova\u0165 1  semestrov\u00fd Erasmus+ pobyt na niektorej z franc\u00fazskych univerz\u00edt, s  ktor\u00fdmi m\u00e1 EKF dohodu. <\/p>\n\n\n\n<p><strong>2. ro\u010dn\u00edk, Ing. (M2) <\/strong><br>\u0160tudenti maj\u00fa mo\u017enos\u0165 vybra\u0165  si volite\u013en\u00e9 predmety vo FJ pod\u013ea aktu\u00e1lnej ponuky, pr\u00edpadne absolvova\u0165 1  semestrov\u00fd Erasmus+ pobyt na niektorej z franc\u00fazskych univerz\u00edt, s  ktor\u00fdmi m\u00e1 EKF dohodu (v pr\u00edpade, \u017ee \u0161tudijn\u00fd pobyt neabsolvovali v 1.  ro\u010dn\u00edku in\u017einierskeho \u0161t\u00fadia).<br> Rovnako maj\u00fa mo\u017enos\u0165 absolvova\u0165 ro\u010dn\u00fd  \u0161tudijn\u00fd pobyt na Univerzite v Nice a z\u00edska\u0165 franc\u00fazsky magistersk\u00fd  diplom M2 v r\u00e1mci \u0161tipendi\u00ed franc\u00fazskej vl\u00e1dy. Podmienkou je ma\u0165 \u00faspe\u0161ne  absolvovan\u00fd \u0161tvrt\u00fd ro\u010dn\u00edk v\u00fdu\u010dby na EKF, diplom L3 a splnenie podmienok  stanoven\u00fdch franc\u00fazskou univerzitou.<br> Viacer\u00ed na\u0161i \u0161tudenti vyu\u017eili  t\u00fato mo\u017enos\u0165 a\u017e po ukon\u010den\u00ed in\u017einierskeho \u0161t\u00fadia na EKF, \u010d\u00edm z\u00edskali  in\u017einiersky diplom z EKF a magistersk\u00fd diplom Master 2 z Univerzity v  Nice. <\/p>\n","protected":false},"excerpt":{"rendered":"<p>Priebeh programu dvoch diplomov: 1. ro\u010dn\u00edk (L1) &#8211; Intenz\u00edvny jazykov\u00fd kurzPre \u0161tudentov prv\u00e9ho ro\u010dn\u00edka je pripraven\u00fd intenz\u00edvny jazykov\u00fd kurz franc\u00fazskeho jazyka v rozsahu 7 hod\u00edn&hellip;<\/p>\n","protected":false},"author":1,"featured_media":0,"parent":0,"menu_order":0,"comment_status":"closed","ping_status":"closed","template":"","meta":{"footnotes":""},"class_list":["post-5","page","type-page","status-publish","hentry","no-post-thumbnail"],"_links":{"self":[{"href":"https:\/\/nicediplom.ekf.tuke.sk\/index.php\/wp-json\/wp\/v2\/pages\/5","targetHints":{"allow":["GET"]}}],"collection":[{"href":"https:\/\/nicediplom.ekf.tuke.sk\/index.php\/wp-json\/wp\/v2\/pages"}],"about":[{"href":"https:\/\/nicediplom.ekf.tuke.sk\/index.php\/wp-json\/wp\/v2\/types\/page"}],"author":[{"embeddable":true,"href":"https:\/\/nicediplom.ekf.tuke.sk\/index.php\/wp-json\/wp\/v2\/users\/1"}],"replies":[{"embeddable":true,"href":"https:\/\/nicediplom.ekf.tuke.sk\/index.php\/wp-json\/wp\/v2\/comments?post=5"}],"version-history":[{"count":7,"href":"https:\/\/nicediplom.ekf.tuke.sk\/index.php\/wp-json\/wp\/v2\/pages\/5\/revisions"}],"predecessor-version":[{"id":297,"href":"https:\/\/nicediplom.ekf.tuke.sk\/index.php\/wp-json\/wp\/v2\/pages\/5\/revisions\/297"}],"wp:attachment":[{"href":"https:\/\/nicediplom.ekf.tuke.sk\/index.php\/wp-json\/wp\/v2\/media?parent=5"}],"curies":[{"name":"wp","href":"https:\/\/api.w.org\/{rel}","templated":true}]}}