{"id":84,"date":"2021-01-15T10:28:11","date_gmt":"2021-01-15T09:28:11","guid":{"rendered":"http:\/\/www4.ekf.tuke.sk\/nicediplom\/?page_id=84"},"modified":"2022-07-18T10:08:47","modified_gmt":"2022-07-18T08:08:47","slug":"o-programe-2","status":"publish","type":"page","link":"https:\/\/nicediplom.ekf.tuke.sk\/index.php\/o-programe-2\/","title":{"rendered":"O programe"},"content":{"rendered":"\n<p><strong>Pre koho je program dvoch diplomov ur\u010den\u00fd: <\/strong><\/p>\n\n\n\n<ul class=\"wp-block-list\"><li>pre \u0161tudentov Ekonomickej fakulty denn\u00e9ho aj extern\u00e9ho \u0161t\u00fadia<\/li><li>aj pre \u0161tudentov, ktor\u00ed zatia\u013e franc\u00fazsky nehovoria alebo sa tento jazyk e\u0161te len u\u010dia<\/li><li>aj pre franc\u00fazsky hovoriacich \u0161tudentov programov ERASMUS+<\/li><\/ul>\n\n\n\n<p><strong>Organiz\u00e1cia programu dvoch diplomov:<\/strong><\/p>\n\n\n\n<ul class=\"wp-block-list\"><li> povinnos\u0165ou \u0161tudenta je zaplati\u0165 jednorazov\u00fd poplatok po  prihl\u00e1sen\u00ed   sa na program (70 \u20ac v akademickom roku 2022\/2023).  Bli\u017e\u0161ie inform\u00e1cie o platbe z\u00edskaj\u00fa na za\u010diatku semestra.<\/li><li> \u0161tudenti maj\u00fa k  dispoz\u00edcii \u0161tudijn\u00e9 materi\u00e1ly vo franc\u00faz\u0161tine od  renomovan\u00fdch  zahrani\u010dn\u00fdch ekon\u00f3mov (v\u00e4\u010d\u0161inou v elektronickej podobe).   V\u00fdu\u010dbu ved\u00fa  slovensk\u00ed vyu\u010duj\u00faci.<\/li><li> program je podporovan\u00fd Ve\u013evyslanectvom  Franc\u00fazskej republiky v SR,  franc\u00fazskym ministerstvom zahrani\u010dn\u00fdch vec\u00ed, ako aj ministerstvom  \u0161kolstva a Franc\u00fazskou alianciou v  Ko\u0161iciach.<\/li><\/ul>\n\n\n\n<p><strong>Ako funguje program dvoch diplomov:<\/strong><\/p>\n\n\n\n<ul class=\"wp-block-list\"><li> Franc\u00fazsky program je integrovan\u00fd do v\u00fdu\u010dby na Ekonomickej fakulte.<\/li><li> Po\u010das 1. ro\u010dn\u00edka \u0161t\u00fadia \u0161tudenti absolvuj\u00fa ro\u010dn\u00fd intenz\u00edvny  jazykov\u00fd  kurz s franc\u00fazskym lektorom (7h\/ t\u00fd\u017ede\u0148). Kurz je prisp\u00f4soben\u00fd  jazykovej  \u00farovni \u0161tudentov.<\/li><li>Po\u010das 2. ro\u010dn\u00edka \u0161tudenti pokra\u010duj\u00fa v  jazykovom kurze (4h\/ t\u00fd\u017ede\u0148).  Z\u00e1rove\u0148 absolvuj\u00fa volite\u013en\u00e9 ekonomick\u00e9  predmety vo franc\u00fazskom jazyku  (napr. z\u00e1klady mikroekon\u00f3mie,  makroekon\u00f3mie, at\u010f. ), v r\u00e1mci ktor\u00fdch  maj\u00fa mo\u017enos\u0165 obozn\u00e1mi\u0165 sa so  syst\u00e9mom \u0161t\u00fadia vo Franc\u00fazsku a pripravi\u0165  sa na \u0161tudijn\u00fd pobyt na  Univerzite C\u00f4te d\u2019Azur v Nice. <\/li><li>Po\u010das 3. ro\u010dn\u00edka absolvuj\u00fa \u0161tudenti ro\u010dn\u00fd  \u0161tudijn\u00fd pobyt na  Univerzite C\u00f4te d\u2019Azur v Nice v r\u00e1mci v\u00fdmenn\u00e9ho programu Erasmus+.  \u0160tudenti, ktor\u00ed  \u00faspe\u0161ne splnia podmienky stanoven\u00e9 Univerzitou C\u00f4te d\u2019Azur v Nice,  z\u00edskaj\u00fa  franc\u00fazsky bakal\u00e1rsky diplom (Licence) <\/li><li> \u0160tudenti, ktor\u00ed \u00faspe\u0161ne ukon\u010dia slovensk\u00e9 aj franc\u00fazskej \u0161t\u00fadium z\u00edskaj\u00fa dva bakal\u00e1rske diplomy: franc\u00fazsky aj slovensk\u00fd.<\/li><li> \u0160tudenti, ktor\u00ed maj\u00fa z\u00e1ujem, m\u00f4\u017eu pokra\u010dova\u0165 v programe aj na  in\u017einierskom stupni napr. prostredn\u00edctvom volite\u013en\u00fdch odborn\u00fdch  predmetov vo franc\u00fazskom jazyku alebo absolvovan\u00edm 1 semestrov\u00e9ho  Erasmus+ pobytu na vybranej univerzite vo Franc\u00fazsku. <\/li><li>\u0160tudenti,  ktor\u00ed maj\u00fa z\u00e1ujem, m\u00f4\u017eu pokra\u010dova\u0165 v 5. ro\u010dn\u00edku na  Univerzite  C\u00f4te d\u2019Azur v Nice a  z\u00edska\u0165 diplom Master 2 (ekvivalent slovensk\u00e9ho  diplomu Ing. alebo   Mgr.). \u010eal\u0161ou mo\u017enos\u0165ou je absolvova\u0165 tento \u0161tudijn\u00fd  pobyt po ukon\u010den\u00ed  \u0161t\u00fadia na EkF.<\/li><li> \u0160tudenti s\u00fa ve\u013emi dobre odborne a z\u00e1rove\u0148 jazykovo pripraven\u00ed.<\/li><li> Mo\u017enos\u0165 z\u00edska\u0165 medzin\u00e1rodn\u00fd jazykov\u00fd diplom Delf, Dalf. <\/li><li> Mo\u017enosti uplatnenia \u0161tudentov: v zahrani\u010dn\u00fdch, najm\u00e4 frankof\u00f3nnych   firm\u00e1ch v SR, v zahrani\u010d\u00ed, najm\u00e4 vo frankof\u00f3nnych krajin\u00e1ch, v   slovensk\u00fdch firm\u00e1ch obchoduj\u00facich so zahrani\u010d\u00edm. <\/li><\/ul>\n","protected":false},"excerpt":{"rendered":"<p>Pre koho je program dvoch diplomov ur\u010den\u00fd: pre \u0161tudentov Ekonomickej fakulty denn\u00e9ho aj extern\u00e9ho \u0161t\u00fadia aj pre \u0161tudentov, ktor\u00ed zatia\u013e franc\u00fazsky nehovoria alebo sa tento&hellip;<\/p>\n","protected":false},"author":1,"featured_media":0,"parent":0,"menu_order":0,"comment_status":"closed","ping_status":"closed","template":"","meta":{"footnotes":""},"class_list":["post-84","page","type-page","status-publish","hentry","no-post-thumbnail"],"_links":{"self":[{"href":"https:\/\/nicediplom.ekf.tuke.sk\/index.php\/wp-json\/wp\/v2\/pages\/84","targetHints":{"allow":["GET"]}}],"collection":[{"href":"https:\/\/nicediplom.ekf.tuke.sk\/index.php\/wp-json\/wp\/v2\/pages"}],"about":[{"href":"https:\/\/nicediplom.ekf.tuke.sk\/index.php\/wp-json\/wp\/v2\/types\/page"}],"author":[{"embeddable":true,"href":"https:\/\/nicediplom.ekf.tuke.sk\/index.php\/wp-json\/wp\/v2\/users\/1"}],"replies":[{"embeddable":true,"href":"https:\/\/nicediplom.ekf.tuke.sk\/index.php\/wp-json\/wp\/v2\/comments?post=84"}],"version-history":[{"count":4,"href":"https:\/\/nicediplom.ekf.tuke.sk\/index.php\/wp-json\/wp\/v2\/pages\/84\/revisions"}],"predecessor-version":[{"id":339,"href":"https:\/\/nicediplom.ekf.tuke.sk\/index.php\/wp-json\/wp\/v2\/pages\/84\/revisions\/339"}],"wp:attachment":[{"href":"https:\/\/nicediplom.ekf.tuke.sk\/index.php\/wp-json\/wp\/v2\/media?parent=84"}],"curies":[{"name":"wp","href":"https:\/\/api.w.org\/{rel}","templated":true}]}}